{"id":334,"date":"2023-04-24T17:30:12","date_gmt":"2023-04-24T15:30:12","guid":{"rendered":"https:\/\/oxygeneclichy2026.fr\/?page_id=334"},"modified":"2026-01-06T23:15:38","modified_gmt":"2026-01-06T22:15:38","slug":"actualite","status":"publish","type":"page","link":"https:\/\/oxygeneclichy2026.fr\/index.php\/actualite\/","title":{"rendered":"Actualit\u00e9"},"content":{"rendered":"\t\t<div data-elementor-type=\"wp-page\" data-elementor-id=\"334\" class=\"elementor elementor-334\">\n\t\t\t\t\t\t\t\t\t<section class=\"elementor-section elementor-top-section elementor-element elementor-element-50c2f88 elementor-section-boxed elementor-section-height-default elementor-section-height-default\" data-id=\"50c2f88\" data-element_type=\"section\">\n\t\t\t\t\t\t<div class=\"elementor-container elementor-column-gap-default\">\n\t\t\t\t\t<div class=\"elementor-column elementor-col-100 elementor-top-column elementor-element elementor-element-e7777eb\" data-id=\"e7777eb\" data-element_type=\"column\">\n\t\t\t<div class=\"elementor-widget-wrap elementor-element-populated\">\n\t\t\t\t\t\t\t\t<div class=\"elementor-element elementor-element-2ab46b6 elementor-grid-eael-col-4 elementor-grid-tablet-eael-col-2 elementor-grid-mobile-eael-col-1 elementor-widget elementor-widget-eael-post-grid\" data-id=\"2ab46b6\" data-element_type=\"widget\" data-settings=\"{&quot;eael_post_grid_columns&quot;:&quot;eael-col-4&quot;,&quot;eael_post_grid_columns_tablet&quot;:&quot;eael-col-2&quot;,&quot;eael_post_grid_columns_mobile&quot;:&quot;eael-col-1&quot;}\" data-widget_type=\"eael-post-grid.default\">\n\t\t\t\t<div class=\"elementor-widget-container\">\n\t\t\t<div id=\"eael-post-grid-2ab46b6\" class=\"eael-post-grid-container\">\n            <div class=\"eael-post-grid eael-post-appender eael-post-appender-2ab46b6 eael-post-grid-style-default\" data-layout-mode=\"masonry\"><article class=\"eael-grid-post eael-post-grid-column\" data-id=\"739\">\n        <div class=\"eael-grid-post-holder\">\n            <div class=\"eael-grid-post-holder-inner\"><div class=\"eael-entry-wrapper\"><header class=\"eael-entry-header\"><h2 class=\"eael-entry-title\"><a\n                        class=\"eael-grid-post-link\"\n                        href=\"https:\/\/oxygeneclichy2026.fr\/index.php\/2025\/01\/23\/rencontre-thematique\/\"\n                        title=\"Rencontre th\u00e9matique\">Rencontre th\u00e9matique<\/a><\/h2><\/header><div class=\"eael-entry-content\">\n                        <div class=\"eael-grid-post-excerpt\"><p>Dans le cadre de la programmation des r\u00e9unions d&rsquo;information th\u00e9matiques...<\/p><a\n                            href=\"https:\/\/oxygeneclichy2026.fr\/index.php\/2025\/01\/23\/rencontre-thematique\/\"\n                            class=\"eael-post-elements-readmore-btn\">Read More<\/a><\/div>\n                    <\/div><div class=\"eael-entry-footer\"><div class=\"eael-author-avatar\"><a href=\"https:\/\/oxygeneclichy2026.fr\/index.php\/author\/admin6804\/\"><img alt='' src='https:\/\/secure.gravatar.com\/avatar\/0c21448103b64fa40449c26581253972c73ad54d88a8beba16ae1b0fb66d3707?s=96&#038;d=mm&#038;r=g' srcset='https:\/\/secure.gravatar.com\/avatar\/0c21448103b64fa40449c26581253972c73ad54d88a8beba16ae1b0fb66d3707?s=192&#038;d=mm&#038;r=g 2x' class='avatar avatar-96 photo' height='96' width='96' \/><\/a><\/div><div class=\"eael-entry-meta\"><span class=\"eael-posted-by\"><a href=\"https:\/\/oxygeneclichy2026.fr\/index.php\/author\/admin6804\/\" title=\"Articles par admin6804\" rel=\"author\">admin6804<\/a><\/span><span class=\"eael-posted-on\"><time datetime=\"23 janvier 2025\">23 janvier 2025<\/time><\/span><\/div><\/div><\/div><\/div>\n        <\/div>\n    <\/article><article class=\"eael-grid-post eael-post-grid-column\" data-id=\"656\">\n        <div class=\"eael-grid-post-holder\">\n            <div class=\"eael-grid-post-holder-inner\"><div class=\"eael-entry-wrapper\"><header class=\"eael-entry-header\"><h2 class=\"eael-entry-title\"><a\n                        class=\"eael-grid-post-link\"\n                        href=\"https:\/\/oxygeneclichy2026.fr\/index.php\/2024\/07\/12\/fete-nationale-rdv-le-13-juillet-pour-le-feu-dartifice\/\"\n                        title=\"F\u00eate nationale : RDV le 13 juillet pour le feu d&rsquo;artifice !\">F\u00eate nationale : RDV le 13 juillet pour le feu d&rsquo;artifice !<\/a><\/h2><\/header><div class=\"eael-entry-content\">\n                        <div class=\"eael-grid-post-excerpt\"><p>Clichy c\u00e9l\u00e8brera comme \u00e0 son habitude la F\u00eate nationale la...<\/p><a\n                            href=\"https:\/\/oxygeneclichy2026.fr\/index.php\/2024\/07\/12\/fete-nationale-rdv-le-13-juillet-pour-le-feu-dartifice\/\"\n                            class=\"eael-post-elements-readmore-btn\">Read More<\/a><\/div>\n                    <\/div><div class=\"eael-entry-footer\"><div class=\"eael-author-avatar\"><a href=\"https:\/\/oxygeneclichy2026.fr\/index.php\/author\/admin6804\/\"><img alt='' src='https:\/\/secure.gravatar.com\/avatar\/0c21448103b64fa40449c26581253972c73ad54d88a8beba16ae1b0fb66d3707?s=96&#038;d=mm&#038;r=g' srcset='https:\/\/secure.gravatar.com\/avatar\/0c21448103b64fa40449c26581253972c73ad54d88a8beba16ae1b0fb66d3707?s=192&#038;d=mm&#038;r=g 2x' class='avatar avatar-96 photo' height='96' width='96' \/><\/a><\/div><div class=\"eael-entry-meta\"><span class=\"eael-posted-by\"><a href=\"https:\/\/oxygeneclichy2026.fr\/index.php\/author\/admin6804\/\" title=\"Articles par admin6804\" rel=\"author\">admin6804<\/a><\/span><span class=\"eael-posted-on\"><time datetime=\"12 juillet 2024\">12 juillet 2024<\/time><\/span><\/div><\/div><\/div><\/div>\n        <\/div>\n    <\/article><article class=\"eael-grid-post eael-post-grid-column\" data-id=\"541\">\n        <div class=\"eael-grid-post-holder\">\n            <div class=\"eael-grid-post-holder-inner\"><div class=\"eael-entry-wrapper\"><header class=\"eael-entry-header\"><h2 class=\"eael-entry-title\"><a\n                        class=\"eael-grid-post-link\"\n                        href=\"https:\/\/oxygeneclichy2026.fr\/index.php\/2024\/01\/07\/elementor-541\/\"\n                        title=\"Modification PLU n\u00b09\">Modification PLU n\u00b09<\/a><\/h2><\/header><div class=\"eael-entry-content\">\n                        <div class=\"eael-grid-post-excerpt\"><p>Concertation pr\u00e9alable relative au projet de modification n\u00b09 du PLU...<\/p><a\n                            href=\"https:\/\/oxygeneclichy2026.fr\/index.php\/2024\/01\/07\/elementor-541\/\"\n                            class=\"eael-post-elements-readmore-btn\">Read More<\/a><\/div>\n                    <\/div><div class=\"eael-entry-footer\"><div class=\"eael-author-avatar\"><a href=\"https:\/\/oxygeneclichy2026.fr\/index.php\/author\/admin6804\/\"><img alt='' src='https:\/\/secure.gravatar.com\/avatar\/0c21448103b64fa40449c26581253972c73ad54d88a8beba16ae1b0fb66d3707?s=96&#038;d=mm&#038;r=g' srcset='https:\/\/secure.gravatar.com\/avatar\/0c21448103b64fa40449c26581253972c73ad54d88a8beba16ae1b0fb66d3707?s=192&#038;d=mm&#038;r=g 2x' class='avatar avatar-96 photo' height='96' width='96' \/><\/a><\/div><div class=\"eael-entry-meta\"><span class=\"eael-posted-by\"><a href=\"https:\/\/oxygeneclichy2026.fr\/index.php\/author\/admin6804\/\" title=\"Articles par admin6804\" rel=\"author\">admin6804<\/a><\/span><span class=\"eael-posted-on\"><time datetime=\"7 janvier 2024\">7 janvier 2024<\/time><\/span><\/div><\/div><\/div><\/div>\n        <\/div>\n    <\/article><article class=\"eael-grid-post eael-post-grid-column\" data-id=\"346\">\n        <div class=\"eael-grid-post-holder\">\n            <div class=\"eael-grid-post-holder-inner\"><div class=\"eael-entry-wrapper\"><header class=\"eael-entry-header\"><h2 class=\"eael-entry-title\"><a\n                        class=\"eael-grid-post-link\"\n                        href=\"https:\/\/oxygeneclichy2026.fr\/index.php\/2023\/04\/24\/commemoration-du-genocide-armenien\/\"\n                        title=\"Comm\u00e9moration du G\u00e9nocide Arm\u00e9nien\">Comm\u00e9moration du G\u00e9nocide Arm\u00e9nien<\/a><\/h2><\/header><div class=\"eael-entry-content\">\n                        <div class=\"eael-grid-post-excerpt\"><p>Clichy a rendu hommage aux victimes du g\u00e9nocide arm\u00e9nien de...<\/p><a\n                            href=\"https:\/\/oxygeneclichy2026.fr\/index.php\/2023\/04\/24\/commemoration-du-genocide-armenien\/\"\n                            class=\"eael-post-elements-readmore-btn\">Read More<\/a><\/div>\n                    <\/div><div class=\"eael-entry-footer\"><div class=\"eael-author-avatar\"><a href=\"https:\/\/oxygeneclichy2026.fr\/index.php\/author\/admin6804\/\"><img alt='' src='https:\/\/secure.gravatar.com\/avatar\/0c21448103b64fa40449c26581253972c73ad54d88a8beba16ae1b0fb66d3707?s=96&#038;d=mm&#038;r=g' srcset='https:\/\/secure.gravatar.com\/avatar\/0c21448103b64fa40449c26581253972c73ad54d88a8beba16ae1b0fb66d3707?s=192&#038;d=mm&#038;r=g 2x' class='avatar avatar-96 photo' height='96' width='96' \/><\/a><\/div><div class=\"eael-entry-meta\"><span class=\"eael-posted-by\"><a href=\"https:\/\/oxygeneclichy2026.fr\/index.php\/author\/admin6804\/\" title=\"Articles par admin6804\" rel=\"author\">admin6804<\/a><\/span><span class=\"eael-posted-on\"><time datetime=\"24 avril 2023\">24 avril 2023<\/time><\/span><\/div><\/div><\/div><\/div>\n        <\/div>\n    <\/article><\/div>\n            <div class=\"clearfix\"><\/div>\n        <\/div>\t\t<\/div>\n\t\t\t\t<\/div>\n\t\t\t\t\t<\/div>\n\t\t<\/div>\n\t\t\t\t\t\t\t<\/div>\n\t\t<\/section>\n\t\t\t\t\t\t\t<\/div>\n\t\t","protected":false},"excerpt":{"rendered":"<p>Rencontre th\u00e9matique Dans le cadre de la programmation des r\u00e9unions d&rsquo;information th\u00e9matiques&#8230; Read More admin680423 janvier 2025 F\u00eate nationale : RDV le 13 juillet pour le feu d&rsquo;artifice ! Clichy c\u00e9l\u00e8brera comme \u00e0 son habitude la F\u00eate nationale la&#8230; Read More admin680412 juillet 2024 Modification PLU n\u00b09 Concertation pr\u00e9alable relative au projet de modification n\u00b09 [&hellip;]<\/p>\n","protected":false},"author":1,"featured_media":0,"parent":0,"menu_order":0,"comment_status":"closed","ping_status":"closed","template":"","meta":{"footnotes":""},"class_list":["post-334","page","type-page","status-publish","hentry"],"_links":{"self":[{"href":"https:\/\/oxygeneclichy2026.fr\/index.php\/wp-json\/wp\/v2\/pages\/334","targetHints":{"allow":["GET"]}}],"collection":[{"href":"https:\/\/oxygeneclichy2026.fr\/index.php\/wp-json\/wp\/v2\/pages"}],"about":[{"href":"https:\/\/oxygeneclichy2026.fr\/index.php\/wp-json\/wp\/v2\/types\/page"}],"author":[{"embeddable":true,"href":"https:\/\/oxygeneclichy2026.fr\/index.php\/wp-json\/wp\/v2\/users\/1"}],"replies":[{"embeddable":true,"href":"https:\/\/oxygeneclichy2026.fr\/index.php\/wp-json\/wp\/v2\/comments?post=334"}],"version-history":[{"count":13,"href":"https:\/\/oxygeneclichy2026.fr\/index.php\/wp-json\/wp\/v2\/pages\/334\/revisions"}],"predecessor-version":[{"id":1184,"href":"https:\/\/oxygeneclichy2026.fr\/index.php\/wp-json\/wp\/v2\/pages\/334\/revisions\/1184"}],"wp:attachment":[{"href":"https:\/\/oxygeneclichy2026.fr\/index.php\/wp-json\/wp\/v2\/media?parent=334"}],"curies":[{"name":"wp","href":"https:\/\/api.w.org\/{rel}","templated":true}]}}